{"id":1068,"date":"2024-07-11T10:01:08","date_gmt":"2024-07-11T08:01:08","guid":{"rendered":"https:\/\/dev.garbinye.net\/?page_id=1068"},"modified":"2025-01-30T16:39:45","modified_gmt":"2025-01-30T15:39:45","slug":"preinscripcion","status":"publish","type":"page","link":"https:\/\/www.garbinye.net\/es\/preinscripcion\/","title":{"rendered":"Preinscripci\u00f3n"},"content":{"rendered":"\t\t<div data-elementor-type=\"wp-page\" data-elementor-id=\"1068\" class=\"elementor elementor-1068 elementor-865\" data-elementor-post-type=\"page\">\n\t\t\t\t<div class=\"elementor-element elementor-element-2dde401 e-flex e-con-boxed e-con e-parent\" data-id=\"2dde401\" data-element_type=\"container\" data-e-type=\"container\" data-settings=\"{&quot;background_background&quot;:&quot;classic&quot;}\">\n\t\t\t\t\t<div class=\"e-con-inner\">\n\t\t\t\t<div class=\"elementor-element elementor-element-57f0434 elementor-widget elementor-widget-heading\" data-id=\"57f0434\" data-element_type=\"widget\" data-e-type=\"widget\" data-widget_type=\"heading.default\">\n\t\t\t\t<div class=\"elementor-widget-container\">\n\t\t\t\t\t<h1 class=\"elementor-heading-title elementor-size-default\">Preinscripci\u00f3n<\/h1>\t\t\t\t<\/div>\n\t\t\t\t<\/div>\n\t\t\t\t\t<\/div>\n\t\t\t\t<\/div>\n\t\t<div class=\"elementor-element elementor-element-f89d497 e-flex e-con-boxed e-con e-parent\" data-id=\"f89d497\" data-element_type=\"container\" data-e-type=\"container\">\n\t\t\t\t\t<div class=\"e-con-inner\">\n\t\t\t\t<div class=\"elementor-element elementor-element-caf6ef2 elementor-widget elementor-widget-text-editor\" data-id=\"caf6ef2\" data-element_type=\"widget\" data-e-type=\"widget\" data-widget_type=\"text-editor.default\">\n\t\t\t\t<div class=\"elementor-widget-container\">\n\t\t\t\t\t\t\t\t\t<p>El proceso de preinscripci\u00f3n suele iniciarse a principios de a\u00f1o. La escuela realiza unas <strong>sesiones informativas en grupos reducidos<\/strong> para dar a conocer su proyecto educativo y responder a las dudas de las familias interesadas.<\/p><p>Para poder asistir a estas reuniones es necesario ponerse en contacto con la escuela previamente v\u00eda telef\u00f3nica o a trav\u00e9s del contacto de la p\u00e1gina web.<\/p><p><strong>JORNADA DE PUERTAS ABIERTAS ELS\u00c1BADO 8 DE MARZO DEL 2025<\/strong><\/p>\t\t\t\t\t\t\t\t<\/div>\n\t\t\t\t<\/div>\n\t\t\t\t\t<\/div>\n\t\t\t\t<\/div>\n\t\t\t\t<\/div>\n\t\t","protected":false},"excerpt":{"rendered":"<p>Preinscripci\u00f3n El proceso de preinscripci\u00f3n suele iniciarse a principios de a\u00f1o. La escuela realiza unas sesiones informativas en grupos reducidos para dar a conocer su proyecto educativo y responder a las dudas de las familias interesadas. Para poder asistir a estas reuniones es necesario ponerse en contacto con la escuela previamente v\u00eda telef\u00f3nica o a [&hellip;]<\/p>\n","protected":false},"author":1,"featured_media":0,"parent":0,"menu_order":0,"comment_status":"closed","ping_status":"closed","template":"","meta":{"footnotes":""},"class_list":["post-1068","page","type-page","status-publish","hentry"],"_links":{"self":[{"href":"https:\/\/www.garbinye.net\/es\/wp-json\/wp\/v2\/pages\/1068","targetHints":{"allow":["GET"]}}],"collection":[{"href":"https:\/\/www.garbinye.net\/es\/wp-json\/wp\/v2\/pages"}],"about":[{"href":"https:\/\/www.garbinye.net\/es\/wp-json\/wp\/v2\/types\/page"}],"author":[{"embeddable":true,"href":"https:\/\/www.garbinye.net\/es\/wp-json\/wp\/v2\/users\/1"}],"replies":[{"embeddable":true,"href":"https:\/\/www.garbinye.net\/es\/wp-json\/wp\/v2\/comments?post=1068"}],"version-history":[{"count":13,"href":"https:\/\/www.garbinye.net\/es\/wp-json\/wp\/v2\/pages\/1068\/revisions"}],"predecessor-version":[{"id":1587,"href":"https:\/\/www.garbinye.net\/es\/wp-json\/wp\/v2\/pages\/1068\/revisions\/1587"}],"wp:attachment":[{"href":"https:\/\/www.garbinye.net\/es\/wp-json\/wp\/v2\/media?parent=1068"}],"curies":[{"name":"wp","href":"https:\/\/api.w.org\/{rel}","templated":true}]}}