{"id":182,"date":"2024-07-03T12:50:27","date_gmt":"2024-07-03T10:50:27","guid":{"rendered":"https:\/\/dev.garbinye.net\/el-colegio\/"},"modified":"2024-07-05T09:21:19","modified_gmt":"2024-07-05T07:21:19","slug":"el-colegio","status":"publish","type":"page","link":"https:\/\/www.garbinye.net\/es\/el-colegio\/","title":{"rendered":"El colegio"},"content":{"rendered":"\t\t<div data-elementor-type=\"wp-page\" data-elementor-id=\"182\" class=\"elementor elementor-182 elementor-19\" data-elementor-post-type=\"page\">\n\t\t\t\t<div class=\"elementor-element elementor-element-f7e5eef e-flex e-con-boxed e-con e-parent\" data-id=\"f7e5eef\" data-element_type=\"container\" data-e-type=\"container\" data-settings=\"{&quot;background_background&quot;:&quot;classic&quot;}\">\n\t\t\t\t\t<div class=\"e-con-inner\">\n\t\t\t\t<div class=\"elementor-element elementor-element-1685b75 elementor-widget elementor-widget-heading\" data-id=\"1685b75\" data-element_type=\"widget\" data-e-type=\"widget\" data-widget_type=\"heading.default\">\n\t\t\t\t<div class=\"elementor-widget-container\">\n\t\t\t\t\t<h1 class=\"elementor-heading-title elementor-size-default\">Colegio <span>Garbi\u00f1e <\/span><\/h1>\t\t\t\t<\/div>\n\t\t\t\t<\/div>\n\t\t\t\t\t<\/div>\n\t\t\t\t<\/div>\n\t\t<div class=\"elementor-element elementor-element-261545f e-flex e-con-boxed e-con e-parent\" data-id=\"261545f\" data-element_type=\"container\" data-e-type=\"container\">\n\t\t\t\t\t<div class=\"e-con-inner\">\n\t\t\t\t<div class=\"elementor-element elementor-element-1893c82 elementor-widget elementor-widget-text-editor\" data-id=\"1893c82\" data-element_type=\"widget\" data-e-type=\"widget\" data-widget_type=\"text-editor.default\">\n\t\t\t\t<div class=\"elementor-widget-container\">\n\t\t\t\t\t\t\t\t\t<p>Nuestro Colegio es un centro privado concertado que ofrece <strong>formaci\u00f3n integral<\/strong>, tanto acad\u00e9mica como personal, ense\u00f1ando los conocimientos, habilidades y educando en h\u00e1bitos y actitudes necesarios para el <strong>m\u00e1ximo desarrollo del alumnado<\/strong>.<\/p>\n<p>Pretendemos dar una formaci\u00f3n completa y exigente que abarque todos los \u00e1mbitos.<\/p>\n<p>Nuestro Centro no tiene ninguna confesionalidad religiosa y queremos dar cabida a todo el mundo que respete los principios de la <strong>concepci\u00f3n human\u00edstica<\/strong> de nuestra sociedad.<\/p>\n\t\t\t\t\t\t\t\t<\/div>\n\t\t\t\t<\/div>\n\t\t\t\t\t<\/div>\n\t\t\t\t<\/div>\n\t\t\t\t<\/div>\n\t\t","protected":false},"excerpt":{"rendered":"<p>Colegio Garbi\u00f1e Nuestro Colegio es un centro privado concertado que ofrece formaci\u00f3n integral, tanto acad\u00e9mica como personal, ense\u00f1ando los conocimientos, habilidades y educando en h\u00e1bitos y actitudes necesarios para el m\u00e1ximo desarrollo del alumnado. Pretendemos dar una formaci\u00f3n completa y exigente que abarque todos los \u00e1mbitos. Nuestro Centro no tiene ninguna confesionalidad religiosa y queremos [&hellip;]<\/p>\n","protected":false},"author":1,"featured_media":0,"parent":0,"menu_order":0,"comment_status":"closed","ping_status":"closed","template":"","meta":{"footnotes":""},"class_list":["post-182","page","type-page","status-publish","hentry"],"_links":{"self":[{"href":"https:\/\/www.garbinye.net\/es\/wp-json\/wp\/v2\/pages\/182","targetHints":{"allow":["GET"]}}],"collection":[{"href":"https:\/\/www.garbinye.net\/es\/wp-json\/wp\/v2\/pages"}],"about":[{"href":"https:\/\/www.garbinye.net\/es\/wp-json\/wp\/v2\/types\/page"}],"author":[{"embeddable":true,"href":"https:\/\/www.garbinye.net\/es\/wp-json\/wp\/v2\/users\/1"}],"replies":[{"embeddable":true,"href":"https:\/\/www.garbinye.net\/es\/wp-json\/wp\/v2\/comments?post=182"}],"version-history":[{"count":1,"href":"https:\/\/www.garbinye.net\/es\/wp-json\/wp\/v2\/pages\/182\/revisions"}],"predecessor-version":[{"id":183,"href":"https:\/\/www.garbinye.net\/es\/wp-json\/wp\/v2\/pages\/182\/revisions\/183"}],"wp:attachment":[{"href":"https:\/\/www.garbinye.net\/es\/wp-json\/wp\/v2\/media?parent=182"}],"curies":[{"name":"wp","href":"https:\/\/api.w.org\/{rel}","templated":true}]}}