{"id":210,"date":"2024-07-05T08:27:27","date_gmt":"2024-07-05T06:27:27","guid":{"rendered":"https:\/\/dev.garbinye.net\/?page_id=210"},"modified":"2024-07-05T10:03:10","modified_gmt":"2024-07-05T08:03:10","slug":"privacy-policy","status":"publish","type":"page","link":"https:\/\/www.garbinye.net\/es\/privacy-policy\/","title":{"rendered":"Pol\u00edtica de Privacidad"},"content":{"rendered":"\t\t<div data-elementor-type=\"wp-page\" data-elementor-id=\"210\" class=\"elementor elementor-210 elementor-156\" data-elementor-post-type=\"page\">\n\t\t\t\t<div class=\"elementor-element elementor-element-59f2c2f e-flex e-con-boxed e-con e-parent\" data-id=\"59f2c2f\" data-element_type=\"container\" data-e-type=\"container\" data-settings=\"{&quot;background_background&quot;:&quot;classic&quot;}\">\n\t\t\t\t\t<div class=\"e-con-inner\">\n\t\t\t\t<div class=\"elementor-element elementor-element-536c2a6 elementor-widget elementor-widget-heading\" data-id=\"536c2a6\" data-element_type=\"widget\" data-e-type=\"widget\" data-widget_type=\"heading.default\">\n\t\t\t\t<div class=\"elementor-widget-container\">\n\t\t\t\t\t<h1 class=\"elementor-heading-title elementor-size-default\">Pol\u00edtica de Privacidad<\/h1>\t\t\t\t<\/div>\n\t\t\t\t<\/div>\n\t\t\t\t\t<\/div>\n\t\t\t\t<\/div>\n\t\t<div class=\"elementor-element elementor-element-bf471f8 e-flex e-con-boxed e-con e-parent\" data-id=\"bf471f8\" data-element_type=\"container\" data-e-type=\"container\">\n\t\t\t\t\t<div class=\"e-con-inner\">\n\t\t\t\t<div class=\"elementor-element elementor-element-de43917 elementor-widget elementor-widget-text-editor\" data-id=\"de43917\" data-element_type=\"widget\" data-e-type=\"widget\" data-widget_type=\"text-editor.default\">\n\t\t\t\t<div class=\"elementor-widget-container\">\n\t\t\t\t\t\t\t\t\t<p>A efectos de lo que se dispone en la normativa vigente sobre Protecci\u00f3n de Datos de car\u00e1cter personal, COLEGIO GARBI\u00d1E con domicilio social en C\/ F\u00edsica, 12-14, 08038, Barcelona informa al Usuario que los datos de car\u00e1cter personal que proporcione o a los que COLEGIO GARBI\u00d1E acceda como consecuencia de su navegaci\u00f3n, consulta y\/o solicitudes a trav\u00e9s de la p\u00e1gina web www.garbinye.net, ser\u00e1n incorporadas en un fichero titularidad de COLEGIO GARBI\u00d1E con el fin de gestionar las solicitudes de informaci\u00f3n y, en su caso, enviar comunicaciones comerciales. &nbsp;<\/p>\n<p>Los datos personales que usted facilita, a todos los efectos, no se comunicar\u00e1n ni ceder\u00e1n a terceros.&nbsp; En cuanto a los formularios del apartado \u201cContacto\u201d de la P\u00e1gina Web, el Usuario tiene que cumplimentar los marcados como \u201cobligatorios\u201d. No completar los datos personales requeridos o hacerlo parcialmente puede suponer que COLEGIO GARBI\u00d1E no pueda atender sus solicitudes y, en consecuencia, COLEGIO GARBI\u00d1E quedar\u00e1 exonerada de toda responsabilidad por la no prestaci\u00f3n o la prestaci\u00f3n incompleta de los servicios solicitados.<\/p>\n<p>Los datos personales que el Usuario facilita a COLEGIO GARBI\u00d1E tienen que ser actuales para que la informaci\u00f3n de los ficheros est\u00e9 actualiza y sin errores.<\/p>\n<p>El Usuario responder\u00e1 de la veracidad de los datos facilitados. COLEGIO GARBI\u00d1E informa que tiene implantadas las medidas de seguridad de \u00edndole t\u00e9cnica y organizativas necesarias que garanticen la seguridad de los datos de car\u00e1cter personal del Usuario y eviten su alteraci\u00f3n, p\u00e9rdida, tratamiento y\/o acceso no autorizado de acuerdo con el estado de la tecnolog\u00eda, la naturaleza de los datos almacenados y los riesgos a los que est\u00e1n expuestos, ya provengan de la acci\u00f3n humana o del medio f\u00edsico o natural, en conformidad con el que prev\u00e9 la normativa vigente.<\/p>\n<p>El Usuario podr\u00e1 ejercer, de acuerdo con la normativa de Protecci\u00f3n de Datos, los derechos de acceso, rectificaci\u00f3n, cancelaci\u00f3n y oposici\u00f3n de sus datos personales, dirigiendo un escrito a COLEGIO GARBI\u00d1E al domicilio social situado en C\/ F\u00edsica, 12-14, 08038, Barcelona aportando fotocopia del DNI o documentaci\u00f3n alternativa que acredite su identidad.<\/p>\t\t\t\t\t\t\t\t<\/div>\n\t\t\t\t<\/div>\n\t\t\t\t\t<\/div>\n\t\t\t\t<\/div>\n\t\t\t\t<\/div>\n\t\t","protected":false},"excerpt":{"rendered":"<p>Pol\u00edtica de Privacidad A efectos de lo que se dispone en la normativa vigente sobre Protecci\u00f3n de Datos de car\u00e1cter personal, COLEGIO GARBI\u00d1E con domicilio social en C\/ F\u00edsica, 12-14, 08038, Barcelona informa al Usuario que los datos de car\u00e1cter personal que proporcione o a los que COLEGIO GARBI\u00d1E acceda como consecuencia de su navegaci\u00f3n, [&hellip;]<\/p>\n","protected":false},"author":1,"featured_media":0,"parent":0,"menu_order":0,"comment_status":"closed","ping_status":"closed","template":"","meta":{"footnotes":""},"class_list":["post-210","page","type-page","status-publish","hentry"],"_links":{"self":[{"href":"https:\/\/www.garbinye.net\/es\/wp-json\/wp\/v2\/pages\/210","targetHints":{"allow":["GET"]}}],"collection":[{"href":"https:\/\/www.garbinye.net\/es\/wp-json\/wp\/v2\/pages"}],"about":[{"href":"https:\/\/www.garbinye.net\/es\/wp-json\/wp\/v2\/types\/page"}],"author":[{"embeddable":true,"href":"https:\/\/www.garbinye.net\/es\/wp-json\/wp\/v2\/users\/1"}],"replies":[{"embeddable":true,"href":"https:\/\/www.garbinye.net\/es\/wp-json\/wp\/v2\/comments?post=210"}],"version-history":[{"count":6,"href":"https:\/\/www.garbinye.net\/es\/wp-json\/wp\/v2\/pages\/210\/revisions"}],"predecessor-version":[{"id":226,"href":"https:\/\/www.garbinye.net\/es\/wp-json\/wp\/v2\/pages\/210\/revisions\/226"}],"wp:attachment":[{"href":"https:\/\/www.garbinye.net\/es\/wp-json\/wp\/v2\/media?parent=210"}],"curies":[{"name":"wp","href":"https:\/\/api.w.org\/{rel}","templated":true}]}}