{"id":218,"date":"2024-07-03T12:50:44","date_gmt":"2024-07-03T10:50:44","guid":{"rendered":"https:\/\/dev.garbinye.net\/?page_id=218"},"modified":"2024-07-05T09:59:36","modified_gmt":"2024-07-05T07:59:36","slug":"proyecto-educativo","status":"publish","type":"page","link":"https:\/\/www.garbinye.net\/es\/proyecto-educativo\/","title":{"rendered":"Proyecto Educativo"},"content":{"rendered":"\t\t<div data-elementor-type=\"wp-page\" data-elementor-id=\"218\" class=\"elementor elementor-218 elementor-21\" data-elementor-post-type=\"page\">\n\t\t\t\t<div class=\"elementor-element elementor-element-9c8bf24 e-flex e-con-boxed e-con e-parent\" data-id=\"9c8bf24\" data-element_type=\"container\" data-e-type=\"container\" data-settings=\"{&quot;background_background&quot;:&quot;classic&quot;}\">\n\t\t\t\t\t<div class=\"e-con-inner\">\n\t\t\t\t<div class=\"elementor-element elementor-element-0be05cc elementor-widget elementor-widget-heading\" data-id=\"0be05cc\" data-element_type=\"widget\" data-e-type=\"widget\" data-widget_type=\"heading.default\">\n\t\t\t\t<div class=\"elementor-widget-container\">\n\t\t\t\t\t<h1 class=\"elementor-heading-title elementor-size-default\">Proyecto <span>Educativo<\/span><\/h1>\t\t\t\t<\/div>\n\t\t\t\t<\/div>\n\t\t\t\t\t<\/div>\n\t\t\t\t<\/div>\n\t\t<div class=\"elementor-element elementor-element-7cb595c e-flex e-con-boxed e-con e-parent\" data-id=\"7cb595c\" data-element_type=\"container\" data-e-type=\"container\">\n\t\t\t\t\t<div class=\"e-con-inner\">\n\t\t\t\t<div class=\"elementor-element elementor-element-1a5cd1a elementor-widget elementor-widget-text-editor\" data-id=\"1a5cd1a\" data-element_type=\"widget\" data-e-type=\"widget\" data-widget_type=\"text-editor.default\">\n\t\t\t\t<div class=\"elementor-widget-container\">\n\t\t\t\t\t\t\t\t\t<p>Nuestro Colegio es un centro privado concertado que ofrece una\u00a0<strong>formaci\u00f3n integral<\/strong>, tanto acad\u00e9mica como personal, ense\u00f1ando los conocimientos, habilidades y educando en h\u00e1bitos y actitudes necesarios para el\u00a0<strong>m\u00e1ximo desarrollo del alumnado<\/strong>.<\/p><p>Pretendemos dar una formaci\u00f3n completa y exigente que abarque todos los \u00e1mbitos.<\/p><p>Nuestro Centro no tiene ninguna confesionalidad religiosa y queremos dar cabida a todo el mundo que respete los principios de la\u00a0<strong>concepci\u00f3n human\u00edstica<\/strong>\u00a0de nuestra sociedad.<\/p>\t\t\t\t\t\t\t\t<\/div>\n\t\t\t\t<\/div>\n\t\t\t\t\t<\/div>\n\t\t\t\t<\/div>\n\t\t<div class=\"elementor-element elementor-element-09d391d e-flex e-con-boxed e-con e-parent\" data-id=\"09d391d\" data-element_type=\"container\" data-e-type=\"container\">\n\t\t\t\t\t<div class=\"e-con-inner\">\n\t\t\t\t<div class=\"elementor-element elementor-element-e442e62 elementor-widget elementor-widget-heading\" data-id=\"e442e62\" data-element_type=\"widget\" data-e-type=\"widget\" data-widget_type=\"heading.default\">\n\t\t\t\t<div class=\"elementor-widget-container\">\n\t\t\t\t\t<h2 class=\"elementor-heading-title elementor-size-default\">PILARES PEDAG\u00d3GICOS \/ BASES DEL MODELO EDUCATIVO<\/h2>\t\t\t\t<\/div>\n\t\t\t\t<\/div>\n\t\t\t\t<div class=\"elementor-element elementor-element-83f820d elementor-widget elementor-widget-text-editor\" data-id=\"83f820d\" data-element_type=\"widget\" data-e-type=\"widget\" data-widget_type=\"text-editor.default\">\n\t\t\t\t<div class=\"elementor-widget-container\">\n\t\t\t\t\t\t\t\t\t<p>Nos definimos como una escuela con una ense\u00f1anza que quiere aprovechar lo mejor de las\u00a0<strong>diversas metodolog\u00edas<\/strong>\u00a0y corrientes pedag\u00f3gicas. Estamos siempre dispuestos a la incorporaci\u00f3n de las innovaciones m\u00e1s recientes y contrastadas.<\/p><p>Partimos de que\u00a0<strong>la educaci\u00f3n<\/strong>\u00a0es algo\u00a0<strong>compartido<\/strong>\u00a0y una corresponsabilidad de\u00a0<strong>familia y escuela.<\/strong><\/p><p>Nuestra actividad est\u00e1 basada en los valores de libertad y respeto creando el ambiente adecuado para lograr un \u00e1mbito escolar \u00f3ptimo.<\/p><p>Valoramos\u00a0<strong>el esfuerzo<\/strong>\u00a0como la herramienta esencial de mejora personal y\u00a0<strong>adaptamos<\/strong>\u00a0las ense\u00f1anzas a las diversas\u00a0<strong>individualidades<\/strong>\u00a0propias de cada alumno, proporcionando aquellas ayudas y herramientas necesarias que permitan el desarrollo m\u00e1ximo de todos.<\/p>\t\t\t\t\t\t\t\t<\/div>\n\t\t\t\t<\/div>\n\t\t\t\t\t<\/div>\n\t\t\t\t<\/div>\n\t\t<div class=\"elementor-element elementor-element-764852c e-flex e-con-boxed e-con e-parent\" data-id=\"764852c\" data-element_type=\"container\" data-e-type=\"container\">\n\t\t\t\t\t<div class=\"e-con-inner\">\n\t\t\t\t<div class=\"elementor-element elementor-element-954c3ae elementor-widget elementor-widget-heading\" data-id=\"954c3ae\" data-element_type=\"widget\" data-e-type=\"widget\" data-widget_type=\"heading.default\">\n\t\t\t\t<div class=\"elementor-widget-container\">\n\t\t\t\t\t<h2 class=\"elementor-heading-title elementor-size-default\">OBJETIVOS EDUCATIVOS PRIORITARIOS<\/h2>\t\t\t\t<\/div>\n\t\t\t\t<\/div>\n\t\t\t\t<div class=\"elementor-element elementor-element-a7d01c8 elementor-widget elementor-widget-text-editor\" data-id=\"a7d01c8\" data-element_type=\"widget\" data-e-type=\"widget\" data-widget_type=\"text-editor.default\">\n\t\t\t\t<div class=\"elementor-widget-container\">\n\t\t\t\t\t\t\t\t\t<p>El desarrollo de la\u00a0<strong>iniciativa<\/strong>\u00a0personal es fundamental y permite mediante el esfuerzo, que al acabar la etapa primaria, nuestros alumnos tengan un\u00a0<strong>alto grado de consecuci\u00f3n en las competencias b\u00e1sicas.<\/strong>\u00a0Es por este motivo que\u00a0<strong>potenciamos<\/strong>\u00a0las \u00e1reas instrumentales\u00a0<strong>(Lenguas y Matem\u00e1ticas)<\/strong>, que son la base del acceso al\u00a0<strong>aprendizaje aut\u00f3nomo<\/strong>.<\/p><p>Los valores y h\u00e1bitos se trabajan impl\u00edcitamente de manera transversal en todo momento, dentro de la escuela.<\/p><p>El\u00a0<strong>desarrollo<\/strong>\u00a0y ejercitaci\u00f3n del las\u00a0<strong>capacidades<\/strong>\u00a0intelectuales es tambi\u00e9n otro objetivo que, as\u00ed como la\u00a0<strong>educaci\u00f3n emocional,<\/strong>\u00a0integramos en la cotidianidad.<\/p>\t\t\t\t\t\t\t\t<\/div>\n\t\t\t\t<\/div>\n\t\t\t\t\t<\/div>\n\t\t\t\t<\/div>\n\t\t<div class=\"elementor-element elementor-element-55575af e-flex e-con-boxed e-con e-parent\" data-id=\"55575af\" data-element_type=\"container\" data-e-type=\"container\">\n\t\t\t\t\t<div class=\"e-con-inner\">\n\t\t\t\t<div class=\"elementor-element elementor-element-2f8f31e elementor-widget elementor-widget-heading\" data-id=\"2f8f31e\" data-element_type=\"widget\" data-e-type=\"widget\" data-widget_type=\"heading.default\">\n\t\t\t\t<div class=\"elementor-widget-container\">\n\t\t\t\t\t<h2 class=\"elementor-heading-title elementor-size-default\">CRITERIOS DE ORGANIZACI\u00d3N PEDAG\u00d3GICA<\/h2>\t\t\t\t<\/div>\n\t\t\t\t<\/div>\n\t\t\t\t<div class=\"elementor-element elementor-element-becef98 elementor-widget elementor-widget-text-editor\" data-id=\"becef98\" data-element_type=\"widget\" data-e-type=\"widget\" data-widget_type=\"text-editor.default\">\n\t\t\t\t<div class=\"elementor-widget-container\">\n\t\t\t\t\t\t\t\t\t<p><strong>Nuestro profesorado conoce el alumnado<\/strong>\u00a0con el que trata para darle el mejor acompa\u00f1amiento en su proceso de ense\u00f1anza-aprendizaje. Los maestros deciden\u00a0<strong>trabajando en equipo<\/strong>\u00a0cu\u00e1l es la intervenci\u00f3n m\u00e1s favorecedora y coherente en cada caso.<\/p><p>La Direcci\u00f3n organiza las actividades del profesorado seg\u00fan su titulaci\u00f3n y su perfil profesional, ajust\u00e1ndose a las necesidades de los grupos y las \u00e1reas que imparten para obtener un resultado \u00f3ptimo de la tarea.<\/p><p>Trabajamos con\u00a0<strong>grupos flexibles<\/strong>\u00a0y desdoblamientos para potenciar las \u00e1reas instrumentales (por ejemplo, grupos reducidos en el \u00e1rea de Lengua Inglesa) y en la etapa de educaci\u00f3n infantil disponemos\u00a0<strong>de atenci\u00f3n logop\u00e9dica.<\/strong><\/p><p>Tambi\u00e9n disponemos de\u00a0<strong>refuerzos<\/strong>\u00a0diversos para adaptar el proceso de aprendizaje a cada una de las necesidades individuales y as\u00ed poder atender a la diversidad del alumnado de la forma m\u00e1s adecuada.<\/p>\t\t\t\t\t\t\t\t<\/div>\n\t\t\t\t<\/div>\n\t\t\t\t\t<\/div>\n\t\t\t\t<\/div>\n\t\t<div class=\"elementor-element elementor-element-8246991 e-flex e-con-boxed e-con e-parent\" data-id=\"8246991\" data-element_type=\"container\" data-e-type=\"container\">\n\t\t\t\t\t<div class=\"e-con-inner\">\n\t\t\t\t<div class=\"elementor-element elementor-element-fa07e79 elementor-widget elementor-widget-heading\" data-id=\"fa07e79\" data-element_type=\"widget\" data-e-type=\"widget\" data-widget_type=\"heading.default\">\n\t\t\t\t<div class=\"elementor-widget-container\">\n\t\t\t\t\t<h2 class=\"elementor-heading-title elementor-size-default\">PROYECTOS Y ACTIVIDADES DESTACADAS DEL CENTRO<\/h2>\t\t\t\t<\/div>\n\t\t\t\t<\/div>\n\t\t\t\t<div class=\"elementor-element elementor-element-93a8dbd elementor-widget elementor-widget-text-editor\" data-id=\"93a8dbd\" data-element_type=\"widget\" data-e-type=\"widget\" data-widget_type=\"text-editor.default\">\n\t\t\t\t<div class=\"elementor-widget-container\">\n\t\t\t\t\t\t\t\t\t<p>Dentro del desarrollo de los aprendizajes, nuestros alumnos tambi\u00e9n tienen iniciativa en la elecci\u00f3n de proyectos.<\/p><p>Realizamos visitas culturales durante cada curso en diversos lugares. Estas consisten en dar\u00a0<strong>clases vivenciales<\/strong>\u00a0fuera del aula en los espacios donde radica la materia de estudio.<\/p><p>Recientemente hemos incorporado la metodolog\u00eda CLIL dentro de la actividad de Inform\u00e1tica (<strong>Inform\u00e1tica en Ingl\u00e9s<\/strong>). Asimismo se realizan actividades que fomentan el desarrollo de las capacidades intelectuales (psicomotricidad, ajedrez, t\u00e9cnicas de estudio, \u2026)<\/p><p>Reforzamos el desarrollo personal a trav\u00e9s de la educaci\u00f3n emocional.<\/p><p>Finalmente, disponemos de los\u00a0<strong>elementos tecnol\u00f3gicos<\/strong> de \u00faltima generaci\u00f3n (tabletas y ordenadores port\u00e1tiles) para facilitar un enfoque m\u00e1s completo e innovador hacia los aprendizajes. Asimismo disponemos de una plataforma digital de aprendizaje (Moodle), punto de encuentro de familia, alumnos y profesores.<\/p>\t\t\t\t\t\t\t\t<\/div>\n\t\t\t\t<\/div>\n\t\t\t\t\t<\/div>\n\t\t\t\t<\/div>\n\t\t<div class=\"elementor-element elementor-element-2460abf e-flex e-con-boxed e-con e-parent\" data-id=\"2460abf\" data-element_type=\"container\" data-e-type=\"container\">\n\t\t\t\t\t<div class=\"e-con-inner\">\n\t\t\t\t<div class=\"elementor-element elementor-element-f29bb93 elementor-widget elementor-widget-heading\" data-id=\"f29bb93\" data-element_type=\"widget\" data-e-type=\"widget\" data-widget_type=\"heading.default\">\n\t\t\t\t<div class=\"elementor-widget-container\">\n\t\t\t\t\t<h2 class=\"elementor-heading-title elementor-size-default\">\u00c1MBITOS DE PARTICIPACI\u00d3N Y COLABORACI\u00d3N<\/h2>\t\t\t\t<\/div>\n\t\t\t\t<\/div>\n\t\t\t\t<div class=\"elementor-element elementor-element-64ea576 elementor-widget elementor-widget-text-editor\" data-id=\"64ea576\" data-element_type=\"widget\" data-e-type=\"widget\" data-widget_type=\"text-editor.default\">\n\t\t\t\t<div class=\"elementor-widget-container\">\n\t\t\t\t\t\t\t\t\t<p><strong>Actividades conjuntas con familias<\/strong>\u00a0(festival musical, art\u00edstico y literario) donde colabora activamente la asociaci\u00f3n de madres y padres (AMPA)<\/p><p><strong>Comunicaci\u00f3n y coordinaci\u00f3n permanente<\/strong>\u00a0mediante las entrevistas personalizadas y reuniones grupales. Consideramos que respecto la educaci\u00f3n de todos nuestros alumnos, la familia debe tener un papel activo: Familia y escuela complementan la tarea educativa.<\/p><p>La participaci\u00f3n del alumnado es activa, siendo protagonista en los aspectos cotidianos. Para este Centro\u00a0<strong>la labor tutorial es imprescindible.<\/strong><\/p><p>Realizamos realizamos\u00a0<strong>actividades colaborativas<\/strong>\u00a0entre alumnos de diversas edades. As\u00ed los permitimos intercambiar experiencias y motivaciones. (Apadrinamiento lector, Trabajos de educaci\u00f3n art\u00edstica, \u2026)<\/p>\t\t\t\t\t\t\t\t<\/div>\n\t\t\t\t<\/div>\n\t\t\t\t\t<\/div>\n\t\t\t\t<\/div>\n\t\t\t\t<\/div>\n\t\t","protected":false},"excerpt":{"rendered":"<p>Proyecto Educativo Nuestro Colegio es un centro privado concertado que ofrece una\u00a0formaci\u00f3n integral, tanto acad\u00e9mica como personal, ense\u00f1ando los conocimientos, habilidades y educando en h\u00e1bitos y actitudes necesarios para el\u00a0m\u00e1ximo desarrollo del alumnado. Pretendemos dar una formaci\u00f3n completa y exigente que abarque todos los \u00e1mbitos. Nuestro Centro no tiene ninguna confesionalidad religiosa y queremos dar [&hellip;]<\/p>\n","protected":false},"author":1,"featured_media":0,"parent":0,"menu_order":10,"comment_status":"closed","ping_status":"closed","template":"","meta":{"footnotes":""},"class_list":["post-218","page","type-page","status-publish","hentry"],"_links":{"self":[{"href":"https:\/\/www.garbinye.net\/es\/wp-json\/wp\/v2\/pages\/218","targetHints":{"allow":["GET"]}}],"collection":[{"href":"https:\/\/www.garbinye.net\/es\/wp-json\/wp\/v2\/pages"}],"about":[{"href":"https:\/\/www.garbinye.net\/es\/wp-json\/wp\/v2\/types\/page"}],"author":[{"embeddable":true,"href":"https:\/\/www.garbinye.net\/es\/wp-json\/wp\/v2\/users\/1"}],"replies":[{"embeddable":true,"href":"https:\/\/www.garbinye.net\/es\/wp-json\/wp\/v2\/comments?post=218"}],"version-history":[{"count":3,"href":"https:\/\/www.garbinye.net\/es\/wp-json\/wp\/v2\/pages\/218\/revisions"}],"predecessor-version":[{"id":221,"href":"https:\/\/www.garbinye.net\/es\/wp-json\/wp\/v2\/pages\/218\/revisions\/221"}],"wp:attachment":[{"href":"https:\/\/www.garbinye.net\/es\/wp-json\/wp\/v2\/media?parent=218"}],"curies":[{"name":"wp","href":"https:\/\/api.w.org\/{rel}","templated":true}]}}