{"id":249,"date":"2024-07-03T12:52:21","date_gmt":"2024-07-03T10:52:21","guid":{"rendered":"https:\/\/dev.garbinye.net\/?page_id=249"},"modified":"2024-12-03T09:05:52","modified_gmt":"2024-12-03T08:05:52","slug":"comedor-escolar","status":"publish","type":"page","link":"https:\/\/www.garbinye.net\/es\/comedor-escolar\/","title":{"rendered":"Comedor Escolar"},"content":{"rendered":"\t\t<div data-elementor-type=\"wp-page\" data-elementor-id=\"249\" class=\"elementor elementor-249 elementor-30\" data-elementor-post-type=\"page\">\n\t\t\t\t<div class=\"elementor-element elementor-element-bfc159e e-flex e-con-boxed e-con e-parent\" data-id=\"bfc159e\" data-element_type=\"container\" data-e-type=\"container\" data-settings=\"{&quot;background_background&quot;:&quot;classic&quot;}\">\n\t\t\t\t\t<div class=\"e-con-inner\">\n\t\t\t\t<div class=\"elementor-element elementor-element-cfd14f5 elementor-widget elementor-widget-heading\" data-id=\"cfd14f5\" data-element_type=\"widget\" data-e-type=\"widget\" data-widget_type=\"heading.default\">\n\t\t\t\t<div class=\"elementor-widget-container\">\n\t\t\t\t\t<h1 class=\"elementor-heading-title elementor-size-default\">Comedor Escolar<\/h1>\t\t\t\t<\/div>\n\t\t\t\t<\/div>\n\t\t\t\t\t<\/div>\n\t\t\t\t<\/div>\n\t\t<div class=\"elementor-element elementor-element-b7aa2af e-flex e-con-boxed e-con e-parent\" data-id=\"b7aa2af\" data-element_type=\"container\" data-e-type=\"container\">\n\t\t\t\t\t<div class=\"e-con-inner\">\n\t\t\t\t<div class=\"elementor-element elementor-element-c9e5c1c elementor-widget elementor-widget-text-editor\" data-id=\"c9e5c1c\" data-element_type=\"widget\" data-e-type=\"widget\" data-widget_type=\"text-editor.default\">\n\t\t\t\t<div class=\"elementor-widget-container\">\n\t\t\t\t\t\t\t\t\t<p>La hora de comer tambi\u00e9n es un momento educativo. Para todos los alumnos que lo necesiten, nuestro Centro dispone de servicio de comedor.<\/p><p>El comedor consiste, a parte de la hora de la comida, en actividades l\u00fadicas, recreo y, para los m\u00e1s mayores, un rato de trabajo personal. Los grupos de alumnos son atendidos por personal de Centro.<\/p><p>El servicio es proporcionado por una empresa de c\u00e1tering con l\u00ednea fr\u00eda. Este servicio se adapta a la demanda del Centro y ofrece un men\u00fa nutricionalmente equilibrado, saludable y elaborado por un dietista.<\/p><p>Tambi\u00e9n se ofrecen men\u00fas alternativos en funci\u00f3n de las necesidades que, por prescripci\u00f3n m\u00e9dica, religi\u00f3n o causa razonable, requiera cada alumno.<\/p><p><em>Para el buen funcionamiento del servicio, es necesario avisar de los cambios con la mayor antelaci\u00f3n posible.<strong>\u00a0Lo pueden hacer a trav\u00e9s de la secci\u00f3n Contacto de la web.<\/strong><\/em><\/p>\t\t\t\t\t\t\t\t<\/div>\n\t\t\t\t<\/div>\n\t\t\t\t\t<\/div>\n\t\t\t\t<\/div>\n\t\t\t\t<\/div>\n\t\t","protected":false},"excerpt":{"rendered":"<p>Comedor Escolar La hora de comer tambi\u00e9n es un momento educativo. Para todos los alumnos que lo necesiten, nuestro Centro dispone de servicio de comedor. El comedor consiste, a parte de la hora de la comida, en actividades l\u00fadicas, recreo y, para los m\u00e1s mayores, un rato de trabajo personal. Los grupos de alumnos son [&hellip;]<\/p>\n","protected":false},"author":1,"featured_media":0,"parent":0,"menu_order":60,"comment_status":"closed","ping_status":"closed","template":"","meta":{"footnotes":""},"class_list":["post-249","page","type-page","status-publish","hentry"],"_links":{"self":[{"href":"https:\/\/www.garbinye.net\/es\/wp-json\/wp\/v2\/pages\/249","targetHints":{"allow":["GET"]}}],"collection":[{"href":"https:\/\/www.garbinye.net\/es\/wp-json\/wp\/v2\/pages"}],"about":[{"href":"https:\/\/www.garbinye.net\/es\/wp-json\/wp\/v2\/types\/page"}],"author":[{"embeddable":true,"href":"https:\/\/www.garbinye.net\/es\/wp-json\/wp\/v2\/users\/1"}],"replies":[{"embeddable":true,"href":"https:\/\/www.garbinye.net\/es\/wp-json\/wp\/v2\/comments?post=249"}],"version-history":[{"count":9,"href":"https:\/\/www.garbinye.net\/es\/wp-json\/wp\/v2\/pages\/249\/revisions"}],"predecessor-version":[{"id":1541,"href":"https:\/\/www.garbinye.net\/es\/wp-json\/wp\/v2\/pages\/249\/revisions\/1541"}],"wp:attachment":[{"href":"https:\/\/www.garbinye.net\/es\/wp-json\/wp\/v2\/media?parent=249"}],"curies":[{"name":"wp","href":"https:\/\/api.w.org\/{rel}","templated":true}]}}